{"id":1291,"date":"2022-06-29T11:12:00","date_gmt":"2022-06-29T09:12:00","guid":{"rendered":"http:\/\/www.rudikost.de\/?page_id=1291"},"modified":"2024-06-24T11:33:21","modified_gmt":"2024-06-24T09:33:21","slug":"hohenloher-doppelpack","status":"publish","type":"page","link":"http:\/\/www.rudikost.de\/?page_id=1291","title":{"rendered":"Hohenloher Doppelpack"},"content":{"rendered":"<p><strong>Ihr erster Fall<\/strong><\/p>\n<p class=\"FormatvorlageGVGaramondNach2pt\"><a href=\"http:\/\/www.rudikost.de\/wp-content\/uploads\/2022\/06\/Hohenloher_Doppelpack_200px_150dpi.jpg\"><img loading=\"lazy\" decoding=\"async\" class=\"wp-image-1288 size-full alignright\" src=\"http:\/\/www.rudikost.de\/wp-content\/uploads\/2022\/06\/Hohenloher_Doppelpack_200px_150dpi.jpg\" alt=\"\" width=\"200\" height=\"333\" srcset=\"http:\/\/www.rudikost.de\/wp-content\/uploads\/2022\/06\/Hohenloher_Doppelpack_200px_150dpi.jpg 200w, http:\/\/www.rudikost.de\/wp-content\/uploads\/2022\/06\/Hohenloher_Doppelpack_200px_150dpi-180x300.jpg 180w\" sizes=\"(max-width: 200px) 100vw, 200px\" \/><\/a>Sie sind ein ungleiches Duo: die temperamentvolle Annalena Bock, die Gro\u00dfstadtpflanze, frisch (und nicht freiwillig) aus K\u00f6ln versetzt, und der beh\u00e4bige Karlheinz Dobler, der nach der Arbeit mit Leidenschaft auf dem Bauernhof der Familie arbeitet. Gemeinsam l\u00f6st das neue Ermittlerteam vom Kommissariat Schw\u00e4bisch Hall die kniffligsten F\u00e4lle.<\/p>\n<p class=\"FormatvorlageGVGaramondNach2pt\">Sie stehen vor einem R\u00e4tsel: Wer ist die Frau, die erschlagen im Einkornwald gefunden wird? Ihren Name bringen sie zwar schnell in Erfahrung, sie bleibt jedoch eigenartig profillos. Sie war sorgsam darum bem\u00fcht, ihr wahres Wesen zu verschleiern und eine Fassade aufzubauen, hinter der sie sich verstecken konnte.<\/p>\n<p class=\"FormatvorlageGVGaramondNach2pt\">Wer war sie wirklich? Sie hat sich einen Ruf als gefragte Expertin im IT-Sicherheitsbereich erarbeitet \u2013 hat sie etwas mit den mysteri\u00f6sen F\u00e4llen von Cyberkriminalit\u00e4t zu tun, auf die die beiden Kommissare sto\u00dfen? Allm\u00e4hlich sch\u00e4lt sich heraus, was sie tats\u00e4chlich im Schilde f\u00fchrte. Doch der beste Plan st\u00f6\u00dft an seine Grenzen, wenn Gef\u00fchle \u00fcberm\u00e4chtig werden.<\/p>\n<p>Gmeiner-Verlag<br \/>\nISBN 978-3-8392-0268-5<br \/>\n316 Seiten, \u20ac 14,40<br \/>\n1. Auflage August 2022<br \/>\nauch als E-Book erh\u00e4ltlich<\/p>\n<p>(Ihr erster Fall wird auch ihr vorerst letzter sein, der Verlag wollte eine Fortsetzung nicht.)<\/p>\n<p><a href=\"http:\/\/www.rudikost.de\/?page_id=1285\">&gt;&gt;&gt;zur Annalene Bock\/Karlheinz Dobler-Serie<\/a><\/p>\n<p><a href=\"http:\/\/www.rudikost.de\/\">&gt;&gt;&gt;zur Startseite<\/a><\/p>\n","protected":false},"excerpt":{"rendered":"<p>Ihr erster Fall Sie sind ein ungleiches Duo: die temperamentvolle Annalena Bock, die Gro\u00dfstadtpflanze, frisch (und nicht freiwillig) aus K\u00f6ln versetzt, und der beh\u00e4bige Karlheinz Dobler, der nach der Arbeit mit Leidenschaft auf dem Bauernhof der Familie arbeitet. Gemeinsam l\u00f6st das neue Ermittlerteam vom Kommissariat Schw\u00e4bisch Hall die kniffligsten F\u00e4lle. Sie stehen vor einem R\u00e4tsel: &hellip; <a href=\"http:\/\/www.rudikost.de\/?page_id=1291\" class=\"more-link\"><span class=\"screen-reader-text\">Hohenloher Doppelpack<\/span> weiterlesen <span class=\"meta-nav\">&rarr;<\/span><\/a><\/p>\n","protected":false},"author":1,"featured_media":0,"parent":0,"menu_order":0,"comment_status":"closed","ping_status":"closed","template":"","meta":{"footnotes":""},"class_list":["post-1291","page","type-page","status-publish","hentry"],"_links":{"self":[{"href":"http:\/\/www.rudikost.de\/index.php?rest_route=\/wp\/v2\/pages\/1291"}],"collection":[{"href":"http:\/\/www.rudikost.de\/index.php?rest_route=\/wp\/v2\/pages"}],"about":[{"href":"http:\/\/www.rudikost.de\/index.php?rest_route=\/wp\/v2\/types\/page"}],"author":[{"embeddable":true,"href":"http:\/\/www.rudikost.de\/index.php?rest_route=\/wp\/v2\/users\/1"}],"replies":[{"embeddable":true,"href":"http:\/\/www.rudikost.de\/index.php?rest_route=%2Fwp%2Fv2%2Fcomments&post=1291"}],"version-history":[{"count":6,"href":"http:\/\/www.rudikost.de\/index.php?rest_route=\/wp\/v2\/pages\/1291\/revisions"}],"predecessor-version":[{"id":1314,"href":"http:\/\/www.rudikost.de\/index.php?rest_route=\/wp\/v2\/pages\/1291\/revisions\/1314"}],"wp:attachment":[{"href":"http:\/\/www.rudikost.de\/index.php?rest_route=%2Fwp%2Fv2%2Fmedia&parent=1291"}],"curies":[{"name":"wp","href":"https:\/\/api.w.org\/{rel}","templated":true}]}}