{"id":130,"date":"2013-06-19T15:54:32","date_gmt":"2013-06-19T13:54:32","guid":{"rendered":"http:\/\/www.rudikost.de\/?page_id=130"},"modified":"2014-02-07T18:49:15","modified_gmt":"2014-02-07T16:49:15","slug":"george-smiley","status":"publish","type":"page","link":"http:\/\/www.rudikost.de\/?page_id=130","title":{"rendered":"\u00dcber George Smiley"},"content":{"rendered":"<h4><a href=\"http:\/\/www.rudikost.de\/wp-content\/uploads\/2013\/06\/Cover_Smiley_200.jpg\"><img loading=\"lazy\" decoding=\"async\" class=\"size-full wp-image-138 alignright\" alt=\"Cover_Smiley_200\" src=\"http:\/\/www.rudikost.de\/wp-content\/uploads\/2013\/06\/Cover_Smiley_200.jpg\" width=\"200\" height=\"266\" \/><\/a>Biographische Skizzen<\/h4>\n<p>Die Legende lebt! Lange hat man nichts mehr geh\u00f6rt von George Smiley, dem letzten legend\u00e4ren Agenten Gro\u00dfbritanniens. Seine wahre Biographie ist jetzt geschrieben worden. George Smileys Leben ist die Geschichte eines einsamen Mannes, einer gro\u00dfen Liebe und einer lebenslangen Illusion. Und des erbitterten, bitteren Kampfes mit einem Mann namens Karla.<\/p>\n<p>Die Welt hat sich ver\u00e4ndert, die Geheimdienste f\u00fchren andere Kriege, aber John le Carr\u00e9s gro\u00dfartige Figur altert nicht und hat nichts von ihrer Faszination verloren. Nicht umsonst wurde \u00bbDame, K\u00f6nig, As, Spion\u00ab j\u00fcngst wieder mal verfilmt, und aus gutem Grund haben die Medien den f\u00fcnfzigsten \u00bbGeburtstag\u00ab von \u00bbDer Spion, der aus der K\u00e4lte kam\u00ab zu tiefsch\u00fcrfenden Analysen genutzt.<\/p>\n<p>John le Carr\u00e9s Romane um den kleinen, dicken George Smiley sind l\u00e4ngst Weltliteratur.<\/p>\n<p>Die \u00bbBiographischen Skizzen\u00ab waren lange vergriffen, jetzt sind sie wieder lieferbar als Ebook.<\/p>\n<p>Seinerzeit war die Presse des Lobes voll:<\/p>\n<ul>\n<li>Ein kleines Meisterwerk an Nachdichtung. (Badisches Tagblatt)<\/li>\n<li>Es wurde Zeit, die L\u00fccken zu schlie\u00dfen. Und sie sind jetzt endlich geschlossen. (Die Zeit)<\/li>\n<li>Er bedient sich der Stilmittel le Carr\u00e9s perfekt. (Stern)<\/li>\n<li>Augenzwinkernd f\u00fchrt Rudi Kost seine Leser durch die unbekannte Vergangenheit George Smileys. (Schw\u00e4bische Zeitung)<\/li>\n<\/ul>\n<p>In der Version f\u00fcr den Kindle erh\u00e4ltlich bei Amazon.<br \/>\n<iframe loading=\"lazy\" style=\"width: 120px; height: 240px;\" src=\"http:\/\/rcm-de.amazon.de\/e\/cm?lt1=_blank&amp;bc1=000000&amp;IS2=1&amp;npa=1&amp;bg1=FFFFFF&amp;fc1=000000&amp;lc1=0000FF&amp;t=rukoau-21&amp;o=3&amp;p=8&amp;l=as1&amp;m=amazon&amp;f=ifr&amp;ref=qf_sp_asin_til&amp;asins=B00DGUPRWC\" height=\"240\" width=\"320\" frameborder=\"0\" marginwidth=\"0\" marginheight=\"0\" scrolling=\"no\"><\/iframe><\/p>\n<p>Im Epub-Format erh\u00e4ltlich unter anderem bei:<br \/>\n<a href=\"http:\/\/www.xinxii.com\/mydocs.php?pid=3a84a\" target=\"_blank\"><img decoding=\"async\" alt=\"XinXii.com title=\" src=\"http:\/\/www.xinxii.com\/images\/de\/banners\/button_xinxii_65x15a.gif\" border=\"0\" \/><\/a><\/p>\n","protected":false},"excerpt":{"rendered":"<p>Biographische Skizzen Die Legende lebt! Lange hat man nichts mehr geh\u00f6rt von George Smiley, dem letzten legend\u00e4ren Agenten Gro\u00dfbritanniens. Seine wahre Biographie ist jetzt geschrieben worden. George Smileys Leben ist die Geschichte eines einsamen Mannes, einer gro\u00dfen Liebe und einer lebenslangen Illusion. Und des erbitterten, bitteren Kampfes mit einem Mann namens Karla. Die Welt hat &hellip; <a href=\"http:\/\/www.rudikost.de\/?page_id=130\" class=\"more-link\"><span class=\"screen-reader-text\">\u00dcber George Smiley<\/span> weiterlesen <span class=\"meta-nav\">&rarr;<\/span><\/a><\/p>\n","protected":false},"author":1,"featured_media":0,"parent":0,"menu_order":0,"comment_status":"closed","ping_status":"closed","template":"","meta":{"footnotes":""},"class_list":["post-130","page","type-page","status-publish","hentry"],"_links":{"self":[{"href":"http:\/\/www.rudikost.de\/index.php?rest_route=\/wp\/v2\/pages\/130"}],"collection":[{"href":"http:\/\/www.rudikost.de\/index.php?rest_route=\/wp\/v2\/pages"}],"about":[{"href":"http:\/\/www.rudikost.de\/index.php?rest_route=\/wp\/v2\/types\/page"}],"author":[{"embeddable":true,"href":"http:\/\/www.rudikost.de\/index.php?rest_route=\/wp\/v2\/users\/1"}],"replies":[{"embeddable":true,"href":"http:\/\/www.rudikost.de\/index.php?rest_route=%2Fwp%2Fv2%2Fcomments&post=130"}],"version-history":[{"count":9,"href":"http:\/\/www.rudikost.de\/index.php?rest_route=\/wp\/v2\/pages\/130\/revisions"}],"predecessor-version":[{"id":206,"href":"http:\/\/www.rudikost.de\/index.php?rest_route=\/wp\/v2\/pages\/130\/revisions\/206"}],"wp:attachment":[{"href":"http:\/\/www.rudikost.de\/index.php?rest_route=%2Fwp%2Fv2%2Fmedia&parent=130"}],"curies":[{"name":"wp","href":"https:\/\/api.w.org\/{rel}","templated":true}]}}