{"id":11,"date":"2013-05-26T10:13:50","date_gmt":"2013-05-26T08:13:50","guid":{"rendered":"http:\/\/www.rudikost.de\/?page_id=11"},"modified":"2019-12-13T18:12:13","modified_gmt":"2019-12-13T16:12:13","slug":"stories","status":"publish","type":"page","link":"https:\/\/www.rudikost.de\/?page_id=11","title":{"rendered":"Stories"},"content":{"rendered":"<p><strong>Fr\u00f6hliche Weihnachten!<\/strong><br \/>\nIn: Tod unterm Tannenbaum \u2212 Weihnachtskrimis aus dem L\u00e4ndle. Hg. v. Gudrun Weitbrecht. Theiss Verlag 2012<\/p>\n<p><strong>Blauelbling<\/strong><br \/>\nIn: Henker, Huren, Mordgesellen \u2014 Historische Schwabenmorde. Hg. v. Gudrun Weitbrecht. Wellh\u00f6fer Verlag 2009<\/p>\n<p><strong>Liebe geht durch den Magen<\/strong><br \/>\nIn: Neue Gute-Nacht-Geschichten f\u00fcr Frauen, die nicht einschlafen wollen. Piper Verlag, 2008<\/p>\n<p><strong>Der gro\u00dfe Grosse<\/strong><br \/>\nIn: Mord und Blutwurst \u2013 Die besten Texte aus dem Pfungst\u00e4dter Schreibwettbewerb. Pfungstadt, 2008 (unter dem Titel Rache ist Blutwurst abgedruckt in DER FEINSCHMECKER 09\/2009)<\/p>\n<p><a href=\"http:\/\/www.rudikost.de\/\">&gt;&gt;&gt;zur Startseite<\/a><\/p>\n","protected":false},"excerpt":{"rendered":"<p>Fr\u00f6hliche Weihnachten! In: Tod unterm Tannenbaum \u2212 Weihnachtskrimis aus dem L\u00e4ndle. Hg. v. Gudrun Weitbrecht. Theiss Verlag 2012 Blauelbling In: Henker, Huren, Mordgesellen \u2014 Historische Schwabenmorde. Hg. v. Gudrun Weitbrecht. Wellh\u00f6fer Verlag 2009 Liebe geht durch den Magen In: Neue Gute-Nacht-Geschichten f\u00fcr Frauen, die nicht einschlafen wollen. Piper Verlag, 2008 Der gro\u00dfe Grosse In: Mord &hellip; <a href=\"https:\/\/www.rudikost.de\/?page_id=11\" class=\"more-link\"><span class=\"screen-reader-text\">Stories<\/span> weiterlesen <span class=\"meta-nav\">&rarr;<\/span><\/a><\/p>\n","protected":false},"author":1,"featured_media":0,"parent":0,"menu_order":0,"comment_status":"closed","ping_status":"open","template":"","meta":{"footnotes":""},"class_list":["post-11","page","type-page","status-publish","hentry"],"_links":{"self":[{"href":"https:\/\/www.rudikost.de\/index.php?rest_route=\/wp\/v2\/pages\/11"}],"collection":[{"href":"https:\/\/www.rudikost.de\/index.php?rest_route=\/wp\/v2\/pages"}],"about":[{"href":"https:\/\/www.rudikost.de\/index.php?rest_route=\/wp\/v2\/types\/page"}],"author":[{"embeddable":true,"href":"https:\/\/www.rudikost.de\/index.php?rest_route=\/wp\/v2\/users\/1"}],"replies":[{"embeddable":true,"href":"https:\/\/www.rudikost.de\/index.php?rest_route=%2Fwp%2Fv2%2Fcomments&post=11"}],"version-history":[{"count":4,"href":"https:\/\/www.rudikost.de\/index.php?rest_route=\/wp\/v2\/pages\/11\/revisions"}],"predecessor-version":[{"id":38,"href":"https:\/\/www.rudikost.de\/index.php?rest_route=\/wp\/v2\/pages\/11\/revisions\/38"}],"wp:attachment":[{"href":"https:\/\/www.rudikost.de\/index.php?rest_route=%2Fwp%2Fv2%2Fmedia&parent=11"}],"curies":[{"name":"wp","href":"https:\/\/api.w.org\/{rel}","templated":true}]}}