{"id":1123,"date":"2019-12-13T17:44:36","date_gmt":"2019-12-13T15:44:36","guid":{"rendered":"http:\/\/www.rudikost.de\/?page_id=1123"},"modified":"2025-08-05T11:01:18","modified_gmt":"2025-08-05T09:01:18","slug":"die-grock-serie","status":"publish","type":"page","link":"https:\/\/www.rudikost.de\/?page_id=1123","title":{"rendered":"Die Grock-Serie"},"content":{"rendered":"<p><em>Ein myster\u00f6ses Instrument<br \/>\n<\/em><\/p>\n<h3><span style=\"color: #ff6600;\">Grock spielt die erste Geige<\/span><\/h3>\n<p><strong><img loading=\"lazy\" decoding=\"async\" class=\"border-black alignright\" src=\"http:\/\/www.rudikost.de\/wp-content\/uploads\/2025\/08\/Titel_Grock-spielt-die-erste-Geige_Web_200px150dpi.jpg\" alt=\"\" width=\"90\" height=\"142\" \/>Grocks erster Fall<\/strong><\/p>\n<p>Der Auftakt einer Serie um den Stuttgarter Kommissar Grock und sein Team. Ein toter Geiger im Stuttgarter Schlossgarten, eine aufreizende Schwiegertochter, eine frustrierte Unternehmersgattin, und alle haben sie ihre dunklen Geheimnisse. Dabei hat Grock eigentlich gerade gar keinen Kopf f\u00fcr schwierige Ermittlungen.<\/p>\n<p><a title=\"Grock spielt die erste Geige\" href=\"http:\/\/www.rudikost.de\/?page_id=244\">&#8230; mehr<\/a><\/p>\n<hr \/>\n<p><em>Ein Kommissar steht im Rampenlicht<br \/>\n<\/em><\/p>\n<h3><span style=\"color: #ff6600;\">Drei Vorh\u00e4nge f\u00fcr Grock<\/span><\/h3>\n<p><strong><img loading=\"lazy\" decoding=\"async\" class=\"border-black alignright\" src=\"http:\/\/www.rudikost.de\/wp-content\/uploads\/2025\/08\/Titel_Cover_Drei-Vorhaenge-fuer-Grock_Web_200px150dpi.jpg\" alt=\"\" width=\"90\" height=\"135\" \/>Grocks zweiter Fall<\/strong><\/p>\n<p>Kurz vor der Premiere des \u00bbHamlet\u00ab am Stuttgarter Staatstheaters wird auf der B\u00fchne eine Leiche gefunden. Es ist Carlos, der ebenso umjubelte wie umstrittene Starregisseur. Kommissar Grock und sein Team stehen vor einem R\u00e4tsel. Unfall oder Mord? Grock begegnet den ganz gro\u00dfen Gef\u00fchlen: Leidenschaft, Liebe, Hass. Aber was davon ist echt und was nur Theater?<\/p>\n<p><a title=\"Drei Vorh\u00e4nge f\u00fcr Grock\" href=\"http:\/\/www.rudikost.de\/?page_id=297\">&#8230; mehr<\/a><\/p>\n<p><a href=\"http:\/\/www.rudikost.de\/\">&gt;&gt;&gt;zur Startseite<\/a><\/p>\n<p><em>\u00a0<\/em><\/p>\n","protected":false},"excerpt":{"rendered":"<p>Ein myster\u00f6ses Instrument Grock spielt die erste Geige Grocks erster Fall Der Auftakt einer Serie um den Stuttgarter Kommissar Grock und sein Team. Ein toter Geiger im Stuttgarter Schlossgarten, eine aufreizende Schwiegertochter, eine frustrierte Unternehmersgattin, und alle haben sie ihre dunklen Geheimnisse. Dabei hat Grock eigentlich gerade gar keinen Kopf f\u00fcr schwierige Ermittlungen. &#8230; mehr &hellip; <a href=\"https:\/\/www.rudikost.de\/?page_id=1123\" class=\"more-link\"><span class=\"screen-reader-text\">Die Grock-Serie<\/span> weiterlesen <span class=\"meta-nav\">&rarr;<\/span><\/a><\/p>\n","protected":false},"author":1,"featured_media":0,"parent":0,"menu_order":0,"comment_status":"closed","ping_status":"closed","template":"","meta":{"footnotes":""},"class_list":["post-1123","page","type-page","status-publish","hentry"],"_links":{"self":[{"href":"https:\/\/www.rudikost.de\/index.php?rest_route=\/wp\/v2\/pages\/1123"}],"collection":[{"href":"https:\/\/www.rudikost.de\/index.php?rest_route=\/wp\/v2\/pages"}],"about":[{"href":"https:\/\/www.rudikost.de\/index.php?rest_route=\/wp\/v2\/types\/page"}],"author":[{"embeddable":true,"href":"https:\/\/www.rudikost.de\/index.php?rest_route=\/wp\/v2\/users\/1"}],"replies":[{"embeddable":true,"href":"https:\/\/www.rudikost.de\/index.php?rest_route=%2Fwp%2Fv2%2Fcomments&post=1123"}],"version-history":[{"count":15,"href":"https:\/\/www.rudikost.de\/index.php?rest_route=\/wp\/v2\/pages\/1123\/revisions"}],"predecessor-version":[{"id":1366,"href":"https:\/\/www.rudikost.de\/index.php?rest_route=\/wp\/v2\/pages\/1123\/revisions\/1366"}],"wp:attachment":[{"href":"https:\/\/www.rudikost.de\/index.php?rest_route=%2Fwp%2Fv2%2Fmedia&parent=1123"}],"curies":[{"name":"wp","href":"https:\/\/api.w.org\/{rel}","templated":true}]}}