{"id":12,"date":"2013-05-26T10:14:02","date_gmt":"2013-05-26T08:14:02","guid":{"rendered":"http:\/\/www.rudikost.de\/?page_id=12"},"modified":"2019-12-29T18:19:56","modified_gmt":"2019-12-29T16:19:56","slug":"auserdem","status":"publish","type":"page","link":"https:\/\/www.rudikost.de\/?page_id=12","title":{"rendered":"Werke"},"content":{"rendered":"<p><em>Eine kleine Auswahl. Das komplette Werkverzeichnis gibt es <a href=\"http:\/\/www.rudikost.de\/?page_id=1162\">hier<\/a>.<\/em><\/p>\n<p><strong>Reisef\u00fchrer<\/strong><\/p>\n<p>Atlanta<br \/>\nReisen in den USA<br \/>\nSchw\u00e4bisch Hall<br \/>\nNew York<br \/>\nLas Vegas<br \/>\nReisen mit dem Internet<\/p>\n<p><strong>Herausgeber<\/strong><\/p>\n<p>Der moderne deutsche Kriminalroman. Klett Verlag, 1981\/1982<br \/>\nSo geht&#8217;s! L\u00f6sungen f\u00fcr Anwender. Markt&amp;Technik, 1990\u20131997<br \/>\nEnglisch visuell. Koval Verlag, 2000<br \/>\nAmerikanisch visuell. Koval Verlag, 2001<br \/>\nItalienisch visuell. Koval Verlag, 2001<br \/>\nSpanisch visuell. Koval Verlag, 2001<br \/>\nFranz\u00f6sisch visuell. Koval Verlag, 2001<br \/>\nAldi-Reisef\u00fchrer. 2004ff<\/p>\n<p><strong>H\u00f6rfunkfeatures\/H\u00f6rspiele<\/strong><\/p>\n<p>Literatur und Wirklichkeit: Kriminalliteratur. 1979<br \/>\nSpionageliteratur. 1983<br \/>\nKintopp \u2013 Film \u2013 \u00dcberkino. 1981<br \/>\nJ.R. GmbH \u2013 \u00dcber Fernsehserien. 1985<br \/>\nDie neuen G\u00f6tter \u2013 \u00dcber Trivialmythen. 1987<br \/>\nSpione im Haus der Liebe \u2013 Die Welt des George Smiley. 1986<br \/>\nHausmann(s) Kost \u2013 35 Kurz-H\u00f6rspiele. 1986\/87<br \/>\nDie Wiederverzauberung der Welt \u2013 \u00dcber die neue Sehnsucht nach dem Mythos. 1987<\/p>\n<p><strong>\u00dcber Kriminalliteratur<\/strong><\/p>\n<p>\u00dcber George Smiley. Poller Verlag, 1985 <strong><span style=\"color: #ff0000;\">NEU! <a title=\"George Smiley\" href=\"http:\/\/www.rudikost.de\/?page_id=130\">Als Ebook lieferbar!<\/a><\/span><\/strong><br \/>\nWas ist los mit Trimmel? Poller Verlag, 1986 <a href=\"http:\/\/www.rudikost.de\/_texte\/Trimmel\/trimmel_Kap01.htm\" target=\"_blank\" rel=\"noopener noreferrer\"><span style=\"color: #ff0000;\"><strong>&gt;LESEN!<\/strong><\/span><\/a><br \/>\nSteckbriefe \u2013 Autorenportr\u00e4ts. Rowohlt Verlag, 1986\u20131992<\/p>\n<p><em>&#8230; und viele Essays, Autorenportr\u00e4ts und Nachworte, u.a.:<\/em><\/p>\n<p>Der Bulle mit der Maske. Friedhelm Werremeier, Paul Trimmel und die deutschen Kommissare. die horen 144 (1986) <a href=\"http:\/\/rudikost.de\/_texte\/essay\/der_bulle_mit_der_maske.htm\" target=\"_blank\" rel=\"noopener noreferrer\"><strong><span style=\"color: #ff0000;\">&gt;LESEN!<\/span><\/strong><\/a><br \/>\nBi-ba-Bullenpack. Sj\u00f6wall\/Wahl\u00f6\u00f6s chronique scandaleuse der Klassengesellschaft. Beilage zur zehnb\u00e4ndigen Kassette, Rowohlt 1986 <a href=\"http:\/\/rudikost.de\/_texte\/essay\/beck.htm\" target=\"_blank\" rel=\"noopener noreferrer\"><span style=\"color: #ff0000;\"><strong>&gt;LESEN!<\/strong><\/span><\/a><br \/>\nMit Nestor Burma durch Paris. Ann\u00e4herung an den Schriftsteller Leo Malet oder Das Leben, wie&#8217;s br\u00fcllt und lacht. die horen 148 (1987) <a href=\"http:\/\/rudikost.de\/_texte\/essay\/burma.htm\" target=\"_blank\" rel=\"noopener noreferrer\"><span style=\"color: #ff0000;\"><strong>&gt;LESEN!<\/strong><\/span><\/a><\/p>\n<p><strong>PC-Fachb\u00fccher (kleine Auswahl)<br \/>\n<\/strong><\/p>\n<p>Word-Kompendium. Markt&amp;Technik, 1990\u20132000<br \/>\nDer Schneider PC. Markt&amp;Technik, 1986<br \/>\ndBase Lexikon. Markt&amp;Technik, 1988\u20131991<br \/>\nExcel-Schulung. Markt&amp;Technik, 1988\/1990<br \/>\nGEM Desktop\/Draw Plus. Markt&amp;Technik, 1989<br \/>\nSpiele-Box I + II. Markt&amp;Technik, 1989<br \/>\nVentura Publisher-Schulung. Markt&amp;Technik, 1990<br \/>\nPCs perfekt einrichten. Tandem Verlag, 1998<br \/>\nClever suchen im Internet. Tandem Verlag, 1998<br \/>\nTop-Adressen im Internet. Serges Verlag, 2000<br \/>\n<em>&#8230; und viele mehr<\/em><\/p>\n<p><strong><a href=\"http:\/\/rudikost.de\/_texte\/werkverzeichnis\/Rudi Kost - Werkverzeichnis.pdf\" target=\"_blank\" rel=\"noopener noreferrer\">Das komplette Werkverzeichnis (PDF)<\/a><\/strong><\/p>\n<p>&nbsp;<\/p>\n","protected":false},"excerpt":{"rendered":"<p>Eine kleine Auswahl. Das komplette Werkverzeichnis gibt es hier. Reisef\u00fchrer Atlanta Reisen in den USA Schw\u00e4bisch Hall New York Las Vegas Reisen mit dem Internet Herausgeber Der moderne deutsche Kriminalroman. Klett Verlag, 1981\/1982 So geht&#8217;s! L\u00f6sungen f\u00fcr Anwender. Markt&amp;Technik, 1990\u20131997 Englisch visuell. Koval Verlag, 2000 Amerikanisch visuell. Koval Verlag, 2001 Italienisch visuell. Koval Verlag, 2001 &hellip; <a href=\"https:\/\/www.rudikost.de\/?page_id=12\" class=\"more-link\"><span class=\"screen-reader-text\">Werke<\/span> weiterlesen <span class=\"meta-nav\">&rarr;<\/span><\/a><\/p>\n","protected":false},"author":1,"featured_media":0,"parent":0,"menu_order":0,"comment_status":"closed","ping_status":"open","template":"","meta":{"footnotes":""},"class_list":["post-12","page","type-page","status-publish","hentry"],"_links":{"self":[{"href":"https:\/\/www.rudikost.de\/index.php?rest_route=\/wp\/v2\/pages\/12"}],"collection":[{"href":"https:\/\/www.rudikost.de\/index.php?rest_route=\/wp\/v2\/pages"}],"about":[{"href":"https:\/\/www.rudikost.de\/index.php?rest_route=\/wp\/v2\/types\/page"}],"author":[{"embeddable":true,"href":"https:\/\/www.rudikost.de\/index.php?rest_route=\/wp\/v2\/users\/1"}],"replies":[{"embeddable":true,"href":"https:\/\/www.rudikost.de\/index.php?rest_route=%2Fwp%2Fv2%2Fcomments&post=12"}],"version-history":[{"count":11,"href":"https:\/\/www.rudikost.de\/index.php?rest_route=\/wp\/v2\/pages\/12\/revisions"}],"predecessor-version":[{"id":1172,"href":"https:\/\/www.rudikost.de\/index.php?rest_route=\/wp\/v2\/pages\/12\/revisions\/1172"}],"wp:attachment":[{"href":"https:\/\/www.rudikost.de\/index.php?rest_route=%2Fwp%2Fv2%2Fmedia&parent=12"}],"curies":[{"name":"wp","href":"https:\/\/api.w.org\/{rel}","templated":true}]}}