{"id":1285,"date":"2022-06-29T11:13:37","date_gmt":"2022-06-29T09:13:37","guid":{"rendered":"http:\/\/www.rudikost.de\/?page_id=1285"},"modified":"2026-03-23T16:22:45","modified_gmt":"2026-03-23T14:22:45","slug":"die-annalena-bock-karlheinzdobler-serie","status":"publish","type":"page","link":"https:\/\/www.rudikost.de\/?page_id=1285","title":{"rendered":"Die Annalena Bock\/Karlheinz Dobler-Serie"},"content":{"rendered":"<p><em>Die Tote im Einkornwald<br \/>\n<\/em><\/p>\n<h3><a href=\"http:\/\/www.rudikost.de\/wp-content\/uploads\/2022\/06\/Hohenloher_Doppelpack_200px_150dpi.jpg\"><img loading=\"lazy\" decoding=\"async\" class=\"wp-image-1288 size-full alignright\" src=\"http:\/\/www.rudikost.de\/wp-content\/uploads\/2022\/06\/Hohenloher_Doppelpack_200px_150dpi.jpg\" alt=\"\" width=\"200\" height=\"333\" srcset=\"https:\/\/www.rudikost.de\/wp-content\/uploads\/2022\/06\/Hohenloher_Doppelpack_200px_150dpi.jpg 200w, https:\/\/www.rudikost.de\/wp-content\/uploads\/2022\/06\/Hohenloher_Doppelpack_200px_150dpi-180x300.jpg 180w\" sizes=\"(max-width: 200px) 100vw, 200px\" \/><\/a>Hohenloher Doppelpack<\/h3>\n<p><strong>Ihr erster Fall<\/strong><\/p>\n<p>Eine Tote im Einkornwald, die ein Geheimnis umgibt, zwei Kommissare, die sich erst aneinander gew\u00f6hnen m\u00fcssen, seltsame F\u00e4lle von Cyperkriminalit\u00e4t &#8230; Es ist viel los in Schw\u00e4bisch Hall.<br \/>\n<a href=\"http:\/\/www.rudikost.de\/?page_id=1291\"><span style=\"color: #ff0000;\">&#8230; mehr<\/span><\/a><\/p>\n","protected":false},"excerpt":{"rendered":"<p>Die Tote im Einkornwald Hohenloher Doppelpack Ihr erster Fall Eine Tote im Einkornwald, die ein Geheimnis umgibt, zwei Kommissare, die sich erst aneinander gew\u00f6hnen m\u00fcssen, seltsame F\u00e4lle von Cyperkriminalit\u00e4t &#8230; Es ist viel los in Schw\u00e4bisch Hall. &#8230; mehr<\/p>\n","protected":false},"author":1,"featured_media":0,"parent":0,"menu_order":0,"comment_status":"closed","ping_status":"closed","template":"","meta":{"footnotes":""},"class_list":["post-1285","page","type-page","status-publish","hentry"],"_links":{"self":[{"href":"https:\/\/www.rudikost.de\/index.php?rest_route=\/wp\/v2\/pages\/1285"}],"collection":[{"href":"https:\/\/www.rudikost.de\/index.php?rest_route=\/wp\/v2\/pages"}],"about":[{"href":"https:\/\/www.rudikost.de\/index.php?rest_route=\/wp\/v2\/types\/page"}],"author":[{"embeddable":true,"href":"https:\/\/www.rudikost.de\/index.php?rest_route=\/wp\/v2\/users\/1"}],"replies":[{"embeddable":true,"href":"https:\/\/www.rudikost.de\/index.php?rest_route=%2Fwp%2Fv2%2Fcomments&post=1285"}],"version-history":[{"count":7,"href":"https:\/\/www.rudikost.de\/index.php?rest_route=\/wp\/v2\/pages\/1285\/revisions"}],"predecessor-version":[{"id":25205,"href":"https:\/\/www.rudikost.de\/index.php?rest_route=\/wp\/v2\/pages\/1285\/revisions\/25205"}],"wp:attachment":[{"href":"https:\/\/www.rudikost.de\/index.php?rest_route=%2Fwp%2Fv2%2Fmedia&parent=1285"}],"curies":[{"name":"wp","href":"https:\/\/api.w.org\/{rel}","templated":true}]}}