{"id":183,"date":"2013-07-18T16:13:04","date_gmt":"2013-07-18T14:13:04","guid":{"rendered":"http:\/\/www.rudikost.de\/?page_id=183"},"modified":"2026-03-24T15:19:55","modified_gmt":"2026-03-24T13:19:55","slug":"d-emma-kommt","status":"publish","type":"page","link":"https:\/\/www.rudikost.de\/?page_id=183","title":{"rendered":"D&#8216; Emma kommt!"},"content":{"rendered":"<p><img loading=\"lazy\" decoding=\"async\" class=\"alignright\" src=\"http:\/\/www.rudikost.de\/wp-content\/uploads\/2026\/03\/Rudi-Kost_Emma_Titel_Rahmen.jpg\" alt=\"\" width=\"200\" height=\"298\" \/>Der Titel ist neu (bisher war er &#8222;Wenn Oma \u00d6chsle zweimal klingelt&#8220;), das Buch wurde \u00fcberarbeitet und aktualisiert, aber sonst hat sich nichts ge\u00e4ndert.<br \/>\nEmma \u00d6chsle klingelt immer noch zweimal, sie ist\u00a0 immer noch 69 und Witwe, sie muss ihre Wohnung verlassen , will aber nicht ins Altersheim, also zieht sie im Reihenhaus ihres Sohnes Klaus mit ein, zum gro\u00dfen Missfallen ihrer Schwiegertochter Alice. Zwischen den beiden Frauen entspinnt sich ein Machtkampf, der auch die Ehe von Klaus und Alice in Mitleidenschaft zieht. K\u00f6nnte es sein, dass sich der brave Klaus pl\u00f6tzlich f\u00fcr andere Frauen interessiert? Alice und ihre Freundinnen stellen ihn auf die Probe, was nicht ganz so verl\u00e4uft, wie es geplant war \u2026<br \/>\nEmma \u00d6chsle macht derweil eine zwar banale, doch folgenreiche Entdeckung: Das Leben ist sch\u00f6n \u2013 wenn man sich nicht darum schert, was andere erwarten. Vor allem nicht als Rentnerin. Fr\u00f6hlich und unbek\u00fcmmert st\u00fcrzt sie sich ins Leben und rei\u00dft ihre Altersgenossen mit, immer haarscharf am Chaos entlang: Vorsicht, die Alten kommen! Nat\u00fcrlich zum Entsetzen ihrer Familie, die sich fragt, ob Oma nicht mehr alle Tassen im Schrank hat \u2026<br \/>\nEine schr\u00e4ge schw\u00e4bische Familienkom\u00f6die.<br \/>\n<span style=\"font-size: 80%;\">Erstmals erschienen 2013 im Silberburg-Verlag unter dem Titel &#8222;Wenn Oma \u00d6chsle zweimal klingelt&#8220;<\/span><\/p>\n<p><strong>Buchausgabe<\/strong><br \/>\nISBN 9789-4-03847-56-6<br \/>\n350 Seiten, \u20ac 14,-<\/p>\n<p><strong>Auch als E-Book erh\u00e4ltlich<\/strong><br \/>\nepub ISBN 978-3-8425-1594-9, \u20ac 9,99<\/p>\n<p><a href=\"http:\/\/www.rudikost.de\/\">&gt;&gt;&gt;zur Startseite<\/a><\/p>\n<p>&nbsp;<\/p>\n","protected":false},"excerpt":{"rendered":"<p>Der Titel ist neu (bisher war er &#8222;Wenn Oma \u00d6chsle zweimal klingelt&#8220;), das Buch wurde \u00fcberarbeitet und aktualisiert, aber sonst hat sich nichts ge\u00e4ndert. Emma \u00d6chsle klingelt immer noch zweimal, sie ist\u00a0 immer noch 69 und Witwe, sie muss ihre Wohnung verlassen , will aber nicht ins Altersheim, also zieht sie im Reihenhaus ihres Sohnes &hellip; <a href=\"https:\/\/www.rudikost.de\/?page_id=183\" class=\"more-link\"><span class=\"screen-reader-text\">D&#8216; Emma kommt!<\/span> weiterlesen <span class=\"meta-nav\">&rarr;<\/span><\/a><\/p>\n","protected":false},"author":1,"featured_media":0,"parent":0,"menu_order":0,"comment_status":"closed","ping_status":"closed","template":"","meta":{"footnotes":""},"class_list":["post-183","page","type-page","status-publish","hentry"],"_links":{"self":[{"href":"https:\/\/www.rudikost.de\/index.php?rest_route=\/wp\/v2\/pages\/183"}],"collection":[{"href":"https:\/\/www.rudikost.de\/index.php?rest_route=\/wp\/v2\/pages"}],"about":[{"href":"https:\/\/www.rudikost.de\/index.php?rest_route=\/wp\/v2\/types\/page"}],"author":[{"embeddable":true,"href":"https:\/\/www.rudikost.de\/index.php?rest_route=\/wp\/v2\/users\/1"}],"replies":[{"embeddable":true,"href":"https:\/\/www.rudikost.de\/index.php?rest_route=%2Fwp%2Fv2%2Fcomments&post=183"}],"version-history":[{"count":20,"href":"https:\/\/www.rudikost.de\/index.php?rest_route=\/wp\/v2\/pages\/183\/revisions"}],"predecessor-version":[{"id":25215,"href":"https:\/\/www.rudikost.de\/index.php?rest_route=\/wp\/v2\/pages\/183\/revisions\/25215"}],"wp:attachment":[{"href":"https:\/\/www.rudikost.de\/index.php?rest_route=%2Fwp%2Fv2%2Fmedia&parent=183"}],"curies":[{"name":"wp","href":"https:\/\/api.w.org\/{rel}","templated":true}]}}