{"id":2,"date":"2013-05-25T21:57:38","date_gmt":"2013-05-25T19:57:38","guid":{"rendered":"http:\/\/www.rudikost.de\/?page_id=2"},"modified":"2026-03-23T11:31:35","modified_gmt":"2026-03-23T09:31:35","slug":"start","status":"publish","type":"page","link":"https:\/\/www.rudikost.de\/","title":{"rendered":""},"content":{"rendered":"<p><strong>Und ebenfalls wieder lieferbar<\/strong><\/p>\n<h3><span style=\"color: #ff6600;\">D&#8216; Emma kommt!<\/span><\/h3>\n<p>Statt wie bisher &#8222;Wenn Oma \u00d6chsle zweimal klingelt&#8220; hei\u00dft der Titel nunmehr &#8222;D&#8216; Emma kommt!&#8220; , er ist \u00fcberarbeit und aktualisiert, garantiert ohne k\u00fcnstliche Intelligenz, sonst hat sich nichts\u00a0 ge\u00e4ndert.<\/p>\n<p><a title=\"Wenn Oma \u00d6chsle zweimal klingelt\" href=\"http:\/\/www.rudikost.de\/?page_id=183\">&#8230;\u00a0 do goht&#8217;s zur Emma<\/a><\/p>\n<p><strong>Auch wieder lieferbar<\/strong><\/p>\n<h3><span style=\"color: #ff6600;\">Die beiden Grocks<\/span><\/h3>\n<p>&#8222;Grock\u00a0 spielt die erste Geige&#8220; und &#8222;Drei Vorh\u00e4nge f\u00fcr Grock&#8220; sind sowohl als Buchausgabe und als E-Book wieder zu haben, aktualisiert und \u00fcberarbeitet. Manchmal bruddelt der Grock auch, weil er schon wieder Maultaschen essen muss. Das liegt daran, dass seine Frau &#8230; Aber das ist eine andere Geschichte. Allerdings bleibt diese andere Geschichte nicht ganz ohne Wirkung auf seinen Beruf: Kommissar Grock und sein Team ermitteln in Stuttgart. Eigentlich sollte man ja Beruf und Privatleben trennen. Geht aber nicht immer, und das stellt selbst Grocks schw\u00e4bische Dialektik manchmal vor Probleme.<\/p>\n<p><a href=\"http:\/\/www.rudikost.de\/?page_id=1123\">&gt;&gt;&gt;zur Grock-Serie<\/a><\/p>\n<p><strong>Endlich wieder lieferbar!\u00a0<\/strong><\/p>\n<h3><span style=\"color: #ff6600;\">Dillinger hat Schwein<br \/>\nDillinger sieht Gespenster<\/span><\/h3>\n<p>Es hat lange gedauert, jetzt aber sind sie endlich da: Dillinger 6 (Dillinger hat Schwein) und Dillinger 7 (Dillinger sieht Gespenster), und zwar\u00a0 in einer \u00fcberarbeiten und aktualisierten Neufassung \u2013 sowohl als Buch- wie auch als EBook-Ausgabe. Schauen Sie mal rein!<\/p>\n<p><a href=\"http:\/\/www.rudikost.de\/?page_id=413\">&gt;&gt;&gt;zur Dillinger-Serie<\/a><\/p>\n<p><strong>Im Buchhandel:<\/strong><\/p>\n<h3><span style=\"color: #ff6600;\"><a style=\"color: #ff6600;\" href=\"http:\/\/www.rudikost.de\/wp-content\/uploads\/2022\/06\/Hohenloher_Doppelpack_200px_150dpi.jpg\"><img loading=\"lazy\" decoding=\"async\" class=\"wp-image-1288 size-full alignright\" src=\"http:\/\/www.rudikost.de\/wp-content\/uploads\/2022\/06\/Hohenloher_Doppelpack_200px_150dpi.jpg\" alt=\"\" width=\"200\" height=\"333\" srcset=\"https:\/\/www.rudikost.de\/wp-content\/uploads\/2022\/06\/Hohenloher_Doppelpack_200px_150dpi.jpg 200w, https:\/\/www.rudikost.de\/wp-content\/uploads\/2022\/06\/Hohenloher_Doppelpack_200px_150dpi-180x300.jpg 180w\" sizes=\"(max-width: 200px) 100vw, 200px\" \/><\/a>Hohenloher Doppelpack<\/span><\/h3>\n<p>Ein neues Ermittlerteam in Schw\u00e4bisch Hall! Annalena Bock und Karlheinz Dobler auf den Spuren einer mysteri\u00f6sen Frau, die erschlagen im Einkornwald gefunden wird. Sie war Expertin f\u00fcr IT-Sicherheit, doch sie bleibt seltsam gesichtslos. Diese Frau umgibt ein Geheimnis, und sie hat alles daran gesetzt, es zu bewahren. Der Fall wird umso mysteri\u00f6ser, je mehr sich die Kommissare in die Cyberkriminalit\u00e4t einarbeiten. Wer war diese Frau wirklich? Was hat sie im Schilde gef\u00fchrt? Wem ist sie dabei auf die F\u00fc\u00dfe getreten?<\/p>\n<p><a href=\"http:\/\/www.rudikost.de\/?page_id=1291\"><span style=\"color: #ff0000;\">&gt;&gt;&gt;mehr<\/span><\/a><\/p>\n<p>&nbsp;<\/p>\n<p><strong>Auch Im Buchhandel:<\/strong><\/p>\n<h3><span style=\"color: #ff6600;\"><a href=\"http:\/\/www.rudikost.de\/wp-content\/uploads\/2021\/05\/Dillinger_tritt_ab_200px_150dpi.jpg\"><img loading=\"lazy\" decoding=\"async\" class=\"alignright wp-image-1258\" src=\"http:\/\/www.rudikost.de\/wp-content\/uploads\/2021\/05\/Dillinger_tritt_ab_200px_150dpi.jpg\" alt=\"\" width=\"150\" height=\"251\" srcset=\"https:\/\/www.rudikost.de\/wp-content\/uploads\/2021\/05\/Dillinger_tritt_ab_200px_150dpi.jpg 200w, https:\/\/www.rudikost.de\/wp-content\/uploads\/2021\/05\/Dillinger_tritt_ab_200px_150dpi-180x300.jpg 180w\" sizes=\"(max-width: 150px) 100vw, 150px\" \/><\/a>Dillinger tritt ab<\/span><\/h3>\n<p class=\"FormatvorlageGVGaramondNach2pt\">Eigentlich hat sich Dillinger geschworen, sich nie mehr mit Mord und Totschlag zu befassen. Doch dann kommt eine Bekannte aus Jugendtagen mit einer merkw\u00fcrdigen Geschichte zu ihm. Ihr Mann Frieder Schindel ist von einem Ger\u00fcst gest\u00fcrzt \u2013 aber ist das denkbar bei einem Bauunternehmer? Widerwillig beginnt Dillinger, herumzufragen und kommt einem raffiniert eingef\u00e4delten Komplott auf die Spur, das ausgerechnet ihm die Hauptrolle zugedacht hat.<\/p>\n<p><a href=\"http:\/\/www.rudikost.de\/?page_id=1257\">&gt;&gt;&gt;mehr<\/a><\/p>\n<h3><\/h3>\n<h3>Er ist zynisch. Er ist hartn\u00e4ckig.<br \/>\nEr ist: Dillinger<\/h3>\n<p>Ein Versicherungsvertreter auf Abwegen. Er kann halt nicht anders. Wenn es in Schw\u00e4bisch Hall oder irgendwo im Hohenloher Land eine Leiche gibt, dann muss er ermitteln. Also besteigt er seinen gelben Porsche und zieht los. Nicht nur Leichen (und deren M\u00f6rder) pflastern seinen Weg, auch gutes Essen, sch\u00f6ne Weine und r\u00e4tselhafte Frauen. Die vor allem machen ihm zu schaffen &#8230;<\/p>\n<p><span style=\"color: #ff0000;\"><a style=\"color: #ff0000;\" href=\"http:\/\/www.rudikost.de\/?page_id=413\">&gt;&gt;&gt;zur Dillinger-Serie<\/a><\/span><\/p>\n<h3>Er bruddelt sich durch seine F\u00e4lle<\/h3>\n<p>&nbsp;<\/p>\n<h3>Dondrladdich! D&#8217;Emma kommt!<em><br \/>\n<\/em><\/h3>\n<p><a href=\"http:\/\/www.rudikost.de\/wp-content\/uploads\/2026\/03\/Rudi-Kost_Emma_Titel.jpg\"><img loading=\"lazy\" decoding=\"async\" class=\"size-medium wp-image-25194 alignright\" src=\"http:\/\/www.rudikost.de\/wp-content\/uploads\/2026\/03\/Rudi-Kost_Emma_Titel-200x300.jpg\" alt=\"\" width=\"200\" height=\"300\" \/><\/a>Vorsicht, die Alten kommen! Ein heiterer schw\u00e4bischer Familienroman um die chaotische 69j\u00e4hrige Emma \u00d6chsle, ihre Freunde und ihren Familienanhang.<\/p>\n<p><a title=\"Wenn Oma \u00d6chsle zweimal klingelt\" href=\"http:\/\/www.rudikost.de\/?page_id=183\">&#8230;\u00a0 do goht&#8217;s zur Emma<\/a><\/p>\n<p><em><a name=\"Smiley\"><\/a><\/em><\/p>\n<p>&nbsp;<\/p>\n<p>&nbsp;<\/p>\n","protected":false},"excerpt":{"rendered":"<p>Und ebenfalls wieder lieferbar D&#8216; Emma kommt! Statt wie bisher &#8222;Wenn Oma \u00d6chsle zweimal klingelt&#8220; hei\u00dft der Titel nunmehr &#8222;D&#8216; Emma kommt!&#8220; , er ist \u00fcberarbeit und aktualisiert, garantiert ohne k\u00fcnstliche Intelligenz, sonst hat sich nichts\u00a0 ge\u00e4ndert. &#8230;\u00a0 do goht&#8217;s zur Emma Auch wieder lieferbar Die beiden Grocks &#8222;Grock\u00a0 spielt die erste Geige&#8220; und &#8222;Drei &hellip; <a href=\"https:\/\/www.rudikost.de\/\" class=\"more-link\"><span class=\"screen-reader-text\"><\/span> weiterlesen <span class=\"meta-nav\">&rarr;<\/span><\/a><\/p>\n","protected":false},"author":1,"featured_media":0,"parent":0,"menu_order":0,"comment_status":"closed","ping_status":"open","template":"","meta":{"footnotes":""},"class_list":["post-2","page","type-page","status-publish","hentry"],"_links":{"self":[{"href":"https:\/\/www.rudikost.de\/index.php?rest_route=\/wp\/v2\/pages\/2"}],"collection":[{"href":"https:\/\/www.rudikost.de\/index.php?rest_route=\/wp\/v2\/pages"}],"about":[{"href":"https:\/\/www.rudikost.de\/index.php?rest_route=\/wp\/v2\/types\/page"}],"author":[{"embeddable":true,"href":"https:\/\/www.rudikost.de\/index.php?rest_route=\/wp\/v2\/users\/1"}],"replies":[{"embeddable":true,"href":"https:\/\/www.rudikost.de\/index.php?rest_route=%2Fwp%2Fv2%2Fcomments&post=2"}],"version-history":[{"count":96,"href":"https:\/\/www.rudikost.de\/index.php?rest_route=\/wp\/v2\/pages\/2\/revisions"}],"predecessor-version":[{"id":25187,"href":"https:\/\/www.rudikost.de\/index.php?rest_route=\/wp\/v2\/pages\/2\/revisions\/25187"}],"wp:attachment":[{"href":"https:\/\/www.rudikost.de\/index.php?rest_route=%2Fwp%2Fv2%2Fmedia&parent=2"}],"curies":[{"name":"wp","href":"https:\/\/api.w.org\/{rel}","templated":true}]}}