{"id":413,"date":"2019-12-13T17:44:27","date_gmt":"2019-12-13T15:44:27","guid":{"rendered":"http:\/\/www.rudikost.de\/?page_id=413"},"modified":"2025-07-07T17:24:58","modified_gmt":"2025-07-07T15:24:58","slug":"die-dillinger-serie","status":"publish","type":"page","link":"https:\/\/www.rudikost.de\/?page_id=413","title":{"rendered":"Die Dillinger-Serie"},"content":{"rendered":"<p><em>Schadensfall Huber<\/em><\/p>\n<h3><span style=\"color: #ff6600;\"><a href=\"http:\/\/www.rudikost.de\/wp-content\/uploads\/2019\/12\/Nadel_200px_150dpi.jpg\"><img loading=\"lazy\" decoding=\"async\" class=\"alignright wp-image-1065\" src=\"http:\/\/www.rudikost.de\/wp-content\/uploads\/2019\/12\/Nadel_200px_150dpi.jpg\" alt=\"\" width=\"132\" height=\"201\" srcset=\"https:\/\/www.rudikost.de\/wp-content\/uploads\/2019\/12\/Nadel_200px_150dpi.jpg 200w, https:\/\/www.rudikost.de\/wp-content\/uploads\/2019\/12\/Nadel_200px_150dpi-197x300.jpg 197w\" sizes=\"(max-width: 132px) 100vw, 132px\" \/><\/a>Die Nadel im Heuhaufen<\/span><\/h3>\n<p><strong>Dillingers erster Fall<\/strong><\/p>\n<p>Ein toter Bauer in der Scheune, eine mysteri\u00f6se junge Frau, ein smarter Bauunternehmer: Dillinger ger\u00e4t in eine Geschichte um dunkle Familiengeheimnisse und Dorfintrigen, um gro\u00dfe Tr\u00e4ume und unerf\u00fcllte Sehns\u00fcchte.<br \/>\n<a title=\"Die Nadel im Heuhaufen\" href=\"http:\/\/www.rudikost.de\/?page_id=147\">&#8230; mehr<\/a><\/p>\n<hr align=\"center\" width=\"50%\" \/>\n<p><em>Wer meuchelt die Haller Sieder?<\/em><\/p>\n<h3><span style=\"color: #ff6600;\"><a href=\"http:\/\/www.rudikost.de\/wp-content\/uploads\/2019\/12\/Siedend-hei\u00df-200px_150dpi.jpg\"><img loading=\"lazy\" decoding=\"async\" class=\"alignright wp-image-1074\" src=\"http:\/\/www.rudikost.de\/wp-content\/uploads\/2019\/12\/Siedend-hei\u00df-200px_150dpi.jpg\" alt=\"\" width=\"132\" height=\"209\" srcset=\"https:\/\/www.rudikost.de\/wp-content\/uploads\/2019\/12\/Siedend-hei\u00df-200px_150dpi.jpg 200w, https:\/\/www.rudikost.de\/wp-content\/uploads\/2019\/12\/Siedend-hei\u00df-200px_150dpi-189x300.jpg 189w\" sizes=\"(max-width: 132px) 100vw, 132px\" \/><\/a>Siedend hei\u00df<\/span><\/h3>\n<p><strong>Dillingers zweiter Fall<\/strong><\/p>\n<p>Das traditionelle Pfingstfest der Schw\u00e4bisch Haller Sieder wird von drei Morden \u00fcberschattet. Dillinger muss tief eintauchen in die Geschichte und Traditionen der Sieder und sich gleichzeitig mit privaten Verwicklungen herumschlagen.<br \/>\n<a title=\"Siedend hei\u00df\" href=\"http:\/\/www.rudikost.de\/?page_id=169\">&#8230; mehr <\/a><\/p>\n<hr \/>\n<p><em>Die Energiewende kann auch t\u00f6dlich sein<\/em><\/p>\n<h3><span style=\"color: #ff6600;\"><a href=\"http:\/\/www.rudikost.de\/wp-content\/uploads\/2019\/12\/Leichenacker-200px_150dpi.jpg\"><img loading=\"lazy\" decoding=\"async\" class=\"alignright wp-image-1076\" src=\"http:\/\/www.rudikost.de\/wp-content\/uploads\/2019\/12\/Leichenacker-200px_150dpi.jpg\" alt=\"\" width=\"132\" height=\"209\" srcset=\"https:\/\/www.rudikost.de\/wp-content\/uploads\/2019\/12\/Leichenacker-200px_150dpi.jpg 200w, https:\/\/www.rudikost.de\/wp-content\/uploads\/2019\/12\/Leichenacker-200px_150dpi-189x300.jpg 189w\" sizes=\"(max-width: 132px) 100vw, 132px\" \/><\/a>Leichenacker<\/span><\/h3>\n<p><strong>Dillingers dritter Fall<\/strong><\/p>\n<p>Auf den Feldern herrscht Krieg. Immer mehr Biogasanlagen entstehen, immer knapper werden die Rohstoffe. Erst sind es nur Sabotageakte auf Maschinen, doch dann fallen auf einem Acker Sch\u00fcsse. In diese angespannte Situation platzt eine militante Umweltgruppe mit spektakul\u00e4ren Aktionen.<br \/>\n<a title=\"Leichenacker\" href=\"http:\/\/www.rudikost.de\/?page_id=176\">&#8230; mehr<\/a><\/p>\n<hr \/>\n<p><em>Wer andern eine Grube gr\u00e4bt<\/em><\/p>\n<h3><span style=\"color: #ff6600;\"><a href=\"http:\/\/www.rudikost.de\/wp-content\/uploads\/2019\/12\/Fisch_200px_150dpi.jpg\"><img loading=\"lazy\" decoding=\"async\" class=\"alignright wp-image-1064\" src=\"http:\/\/www.rudikost.de\/wp-content\/uploads\/2019\/12\/Fisch_200px_150dpi.jpg\" alt=\"\" width=\"132\" height=\"201\" srcset=\"https:\/\/www.rudikost.de\/wp-content\/uploads\/2019\/12\/Fisch_200px_150dpi.jpg 200w, https:\/\/www.rudikost.de\/wp-content\/uploads\/2019\/12\/Fisch_200px_150dpi-197x300.jpg 197w\" sizes=\"(max-width: 132px) 100vw, 132px\" \/><\/a>Fisch oder stirb<\/span><\/h3>\n<p><strong>Dillingers vierter Fall<\/strong><\/p>\n<p>Eine tote Klientin, eine abstruse Gesch\u00e4ftsidee von der Meeresfischzucht mitten im Hohenloher Land, ein sturer Bauer, ein windiger B\u00fcrgermeister &#8211; und Dillinger paddelt in einer Jauchegrube um sein Leben.<br \/>\n<a title=\"Fisch oder stirb\" href=\"http:\/\/www.rudikost.de\/?page_id=179\">&#8230; mehr<\/a><\/p>\n<hr \/>\n<p><em>Wer Wind s\u00e4t &#8230;<br \/>\n<\/em><\/p>\n<h3><span style=\"color: #ff6600;\"><img loading=\"lazy\" decoding=\"async\" class=\"alignright\" src=\"http:\/\/www.rudikost.de\/wp-content\/uploads\/2025\/07\/Rudi-Kost_Dillinger-macht-Wind_Titel_200px_150dpi-1.jpg\" alt=\"\" width=\"134\" height=\"213\" \/>Dillinger macht Wind<\/span><\/h3>\n<p><strong>Dillingers f\u00fcnfter Fall<\/strong><\/p>\n<p>Windr\u00e4der, die sich nicht drehen, ein toter Windkraftgegner, ein Dorf im Aufruhr, amour\u00f6se Avancen von mehreren Seiten: Dillinger wei\u00df bald nicht mehr, wo ihm der Kopf steht.<\/p>\n<p>&#8230; <a title=\"Dillinger macht Wind\" href=\"http:\/\/www.rudikost.de\/?page_id=221\">mehr<\/a><\/p>\n<hr \/>\n<p><em>So sch\u00f6n kann vegan sein<br \/>\n<\/em><\/p>\n<h3><span style=\"color: #ff6600;\"><img loading=\"lazy\" decoding=\"async\" class=\"alignright\" src=\"http:\/\/www.rudikost.de\/wp-content\/uploads\/2025\/07\/Rudi-Kost_Dillinger-hat-Schwein_Titel_Web_200pxX150dpi.jpg\" alt=\"\" width=\"133\" height=\"200\" \/>Dillinger hat Schwein<\/span><\/h3>\n<p><strong>Dillingers sechster Fall<\/strong><\/p>\n<p>Eine ganze Schweineherde verschwindet, Rinder werden freigelassen, eine Kuh irrt durch die Gegend und frisst sich durch die Gem\u00fcsefelder: Mysteri\u00f6se Dinge geschehen in Hohenlohe. F\u00fcr Versicherungsvertreter Dieter Dillinger aus Schw\u00e4bisch Hall sind das Schadensf\u00e4lle wie andere auch. Bis eine Scheune brennt und darin eine Leiche entdeckt wird.<\/p>\n<p><a title=\"Drei Vorh\u00e4nge f\u00fcr Grock\" href=\"http:\/\/www.rudikost.de\/?page_id=307\">&#8230; mehr<\/a><\/p>\n<hr \/>\n<p><em>Gruseliges im Freilandmuseum Wackershofen<br \/>\n<\/em><\/p>\n<h3><span style=\"color: #ff6600;\"><img loading=\"lazy\" decoding=\"async\" class=\"alignright\" src=\"http:\/\/www.rudikost.de\/wp-content\/uploads\/2025\/07\/Rudi-Kost_Dillinger-sieht-Gespenster_Tiitel_Web_200px150di.jpg\" alt=\"\" width=\"125\" height=\"201\" \/>Dillinger sieht Gespenster<\/span><\/h3>\n<p><strong>Dillingers siebter Fall<\/strong><\/p>\n<p>Freilandmuseum Wackershofen: Eine Leiche verschwindet und taucht putzmunter wieder auf &#8211; in seinem siebten Fall zweifelt Versicherungsvertreter Dillinger an seinem Verstand. Die jahrhundertealten Bauernh\u00e4user fangen an, mit ihm zu sprechen. Oder tr\u00e4umt er?<\/p>\n<p><a href=\"http:\/\/www.rudikost.de\/?page_id=354\">&#8230; mehr<\/a><\/p>\n<p><em>Wie tief kann man fallen?<br \/>\n<\/em><\/p>\n<h3><span style=\"color: #ff6600;\"><a style=\"color: #ff6600;\" href=\"http:\/\/www.rudikost.de\/wp-content\/uploads\/2021\/05\/Dillinger_tritt_ab_200px_150dpi.jpg\"><img loading=\"lazy\" decoding=\"async\" class=\"alignright wp-image-1258\" src=\"http:\/\/www.rudikost.de\/wp-content\/uploads\/2021\/05\/Dillinger_tritt_ab_200px_150dpi.jpg\" alt=\"\" width=\"150\" height=\"251\" srcset=\"https:\/\/www.rudikost.de\/wp-content\/uploads\/2021\/05\/Dillinger_tritt_ab_200px_150dpi.jpg 200w, https:\/\/www.rudikost.de\/wp-content\/uploads\/2021\/05\/Dillinger_tritt_ab_200px_150dpi-180x300.jpg 180w\" sizes=\"(max-width: 150px) 100vw, 150px\" \/><\/a>Dillinger tritt ab<\/span><\/h3>\n<p><strong>Dillingers achter (und vermutlich letzter) Fall<\/strong><\/p>\n<p class=\"FormatvorlageGVGaramondNach2pt\">Eigentlich hat sich Dillinger geschworen, sich nie mehr mit Mord und Totschlag zu befassen. Doch dann kommt eine Bekannte aus Jugendtagen mit einer merkw\u00fcrdigen Geschichte zu ihm. Ihr Mann Frieder Schindel ist von einem Ger\u00fcst gest\u00fcrzt \u2013 aber ist das denkbar bei einem Bauunternehmer? Widerwillig beginnt Dillinger, herumzufragen und kommt einem raffiniert eingef\u00e4delten Komplott auf die Spur, das ausgerechnet ihm die Hauptrolle zugedacht hat.<\/p>\n<p><a href=\"http:\/\/www.rudikost.de\/?page_id=1257\">&#8230; mehr<\/a><\/p>\n<p><a href=\"http:\/\/www.rudikost.de\/\">&gt;&gt;&gt;zur Startseite<\/a><\/p>\n","protected":false},"excerpt":{"rendered":"<p>Schadensfall Huber Die Nadel im Heuhaufen Dillingers erster Fall Ein toter Bauer in der Scheune, eine mysteri\u00f6se junge Frau, ein smarter Bauunternehmer: Dillinger ger\u00e4t in eine Geschichte um dunkle Familiengeheimnisse und Dorfintrigen, um gro\u00dfe Tr\u00e4ume und unerf\u00fcllte Sehns\u00fcchte. &#8230; mehr Wer meuchelt die Haller Sieder? Siedend hei\u00df Dillingers zweiter Fall Das traditionelle Pfingstfest der Schw\u00e4bisch &hellip; <a href=\"https:\/\/www.rudikost.de\/?page_id=413\" class=\"more-link\"><span class=\"screen-reader-text\">Die Dillinger-Serie<\/span> weiterlesen <span class=\"meta-nav\">&rarr;<\/span><\/a><\/p>\n","protected":false},"author":1,"featured_media":0,"parent":0,"menu_order":0,"comment_status":"closed","ping_status":"closed","template":"","meta":{"footnotes":""},"class_list":["post-413","page","type-page","status-publish","hentry"],"_links":{"self":[{"href":"https:\/\/www.rudikost.de\/index.php?rest_route=\/wp\/v2\/pages\/413"}],"collection":[{"href":"https:\/\/www.rudikost.de\/index.php?rest_route=\/wp\/v2\/pages"}],"about":[{"href":"https:\/\/www.rudikost.de\/index.php?rest_route=\/wp\/v2\/types\/page"}],"author":[{"embeddable":true,"href":"https:\/\/www.rudikost.de\/index.php?rest_route=\/wp\/v2\/users\/1"}],"replies":[{"embeddable":true,"href":"https:\/\/www.rudikost.de\/index.php?rest_route=%2Fwp%2Fv2%2Fcomments&post=413"}],"version-history":[{"count":19,"href":"https:\/\/www.rudikost.de\/index.php?rest_route=\/wp\/v2\/pages\/413\/revisions"}],"predecessor-version":[{"id":1352,"href":"https:\/\/www.rudikost.de\/index.php?rest_route=\/wp\/v2\/pages\/413\/revisions\/1352"}],"wp:attachment":[{"href":"https:\/\/www.rudikost.de\/index.php?rest_route=%2Fwp%2Fv2%2Fmedia&parent=413"}],"curies":[{"name":"wp","href":"https:\/\/api.w.org\/{rel}","templated":true}]}}